{"id":78,"date":"2017-03-20T15:13:42","date_gmt":"2017-03-20T15:13:42","guid":{"rendered":"http:\/\/sitcanarias.es\/?page_id=78"},"modified":"2021-03-29T12:24:25","modified_gmt":"2021-03-29T12:24:25","slug":"quienes-somos","status":"publish","type":"page","link":"https:\/\/sitcanarias.es\/?page_id=78","title":{"rendered":"Quien Soy&#8230;."},"content":{"rendered":"<p>[et_pb_section fb_built=\u00bb1&#8243; fullwidth=\u00bbon\u00bb admin_label=\u00bbsection\u00bb _builder_version=\u00bb3.22&#8243;][et_pb_fullwidth_slider show_arrows=\u00bboff\u00bb admin_label=\u00bbFullwidth Slider\u00bb _builder_version=\u00bb3.16&#8243; parallax=\u00bbon\u00bb custom_padding=\u00bb|||\u00bb custom_padding_tablet=\u00bb|||\u00bb custom_padding_phone=\u00bb|||\u00bb auto=\u00bbon\u00bb box_shadow_style=\u00bbpreset6&#8243; box_shadow_blur=\u00bb10px\u00bb box_shadow_color=\u00bbrgba(0,0,0,0.1)\u00bb remove_inner_shadow=\u00bboff\u00bb hide_content_on_mobile=\u00bboff\u00bb hide_cta_on_mobile=\u00bboff\u00bb show_inner_shadow=\u00bbon\u00bb button_letter_spacing_hover=\u00bb0&#8243; button_text_size__hover_enabled=\u00bboff\u00bb button_one_text_size__hover_enabled=\u00bboff\u00bb button_two_text_size__hover_enabled=\u00bboff\u00bb button_text_color__hover_enabled=\u00bboff\u00bb button_one_text_color__hover_enabled=\u00bboff\u00bb button_two_text_color__hover_enabled=\u00bboff\u00bb button_border_width__hover_enabled=\u00bboff\u00bb button_one_border_width__hover_enabled=\u00bboff\u00bb button_two_border_width__hover_enabled=\u00bboff\u00bb button_border_color__hover_enabled=\u00bboff\u00bb button_one_border_color__hover_enabled=\u00bboff\u00bb button_two_border_color__hover_enabled=\u00bboff\u00bb button_border_radius__hover_enabled=\u00bboff\u00bb button_one_border_radius__hover_enabled=\u00bboff\u00bb button_two_border_radius__hover_enabled=\u00bboff\u00bb button_letter_spacing__hover_enabled=\u00bbon\u00bb button_letter_spacing__hover=\u00bb0&#8243; button_one_letter_spacing__hover_enabled=\u00bboff\u00bb button_two_letter_spacing__hover_enabled=\u00bboff\u00bb button_bg_color__hover_enabled=\u00bboff\u00bb button_one_bg_color__hover_enabled=\u00bboff\u00bb button_two_bg_color__hover_enabled=\u00bboff\u00bb][et_pb_slide heading=\u00bbNoah Fari\u00f1a Glez\u00bb use_bg_overlay=\u00bboff\u00bb use_text_overlay=\u00bboff\u00bb _builder_version=\u00bb3.16&#8243; header_font=\u00bb||||\u00bb header_text_color=\u00bb#009ee0&#8243; body_font=\u00bb||||\u00bb background_color=\u00bb#ffffff\u00bb background_image=\u00bbhttps:\/\/sitcanarias.es\/wp-content\/uploads\/2017\/03\/usar-psicologia-diseno-web-1.jpg\u00bb button_icon_placement=\u00bbright\u00bb button_on_hover=\u00bbon\u00bb inline_fonts=\u00bbAbril Fatface\u00bb button_text_size__hover_enabled=\u00bboff\u00bb button_one_text_size__hover_enabled=\u00bboff\u00bb button_two_text_size__hover_enabled=\u00bboff\u00bb button_text_color__hover_enabled=\u00bboff\u00bb button_one_text_color__hover_enabled=\u00bboff\u00bb button_two_text_color__hover_enabled=\u00bboff\u00bb button_border_width__hover_enabled=\u00bboff\u00bb button_one_border_width__hover_enabled=\u00bboff\u00bb button_two_border_width__hover_enabled=\u00bboff\u00bb button_border_color__hover_enabled=\u00bboff\u00bb button_one_border_color__hover_enabled=\u00bboff\u00bb button_two_border_color__hover_enabled=\u00bboff\u00bb button_border_radius__hover_enabled=\u00bboff\u00bb button_one_border_radius__hover_enabled=\u00bboff\u00bb button_two_border_radius__hover_enabled=\u00bboff\u00bb button_letter_spacing__hover_enabled=\u00bboff\u00bb button_one_letter_spacing__hover_enabled=\u00bboff\u00bb button_two_letter_spacing__hover_enabled=\u00bboff\u00bb button_bg_color__hover_enabled=\u00bboff\u00bb button_one_bg_color__hover_enabled=\u00bboff\u00bb button_two_bg_color__hover_enabled=\u00bboff\u00bb]<\/p>\n<h3 style=\"text-align: center;\"><span style=\"color: #e01308; font-family: inherit; font-weight: normal;\"><strong>Adm. de Sistemas Inform\u00e1tico y Dise\u00f1ador Gr\u00e1fico y Web<\/strong><\/span><\/h3>\n<p>[\/et_pb_slide][\/et_pb_fullwidth_slider][\/et_pb_section][et_pb_section fb_built=\u00bb1&#8243; admin_label=\u00bbsection\u00bb _builder_version=\u00bb3.22&#8243;][et_pb_row _builder_version=\u00bb4.0.10&#8243;][et_pb_column type=\u00bb4_4&#8243; _builder_version=\u00bb4.0.10&#8243; animation_style=\u00bbfade\u00bb animation_delay=\u00bb50ms\u00bb][et_pb_team_member name=\u00bbNoah Fari\u00f1a Glez\u00bb position=\u00bbT\u00e9cnico Administrador de Sistemas &#8211; Dise\u00f1ador Gr\u00e1fico y Web\u00bb image_url=\u00bbhttps:\/\/sitcanarias.es\/wp-content\/uploads\/2017\/03\/logo3noah.png\u00bb linkedin_url=\u00bbhttps:\/\/www.linkedin.com\/in\/noah-fari%C3%B1a-glez-ab345863\/\u00bb _builder_version=\u00bb4.0.10&#8243; animation_style=\u00bbfade\u00bb hover_enabled=\u00bb0&#8243;]<\/p>\n<p>Soy <strong>T\u00e9cnico Inform\u00e1tico en Administraci\u00f3n de Sistemas<\/strong>.<\/p>\n<p>Llevo m\u00e1s de 10 a\u00f1os en este sector, he trabajado en varias ocasiones para el Cabildo de Tenerife y para el Ayto de Santa Cruz de Tenerife, aportando mis conocimientos para dar soporte al usuario.<\/p>\n<p>Aparte de ello, tengo amplios conocimiento de reparaci\u00f3n de equipos asi como montaje de los mismos.<\/p>\n<p>Soy Dise\u00f1ador Gr\u00e1fico y\u00a0 Web, manejo del paquete adobe en dise\u00f1o y WordPress en web.<\/p>\n<p>[\/et_pb_team_member][\/et_pb_column][\/et_pb_row][\/et_pb_section][et_pb_section fb_built=\u00bb1&#8243; fullwidth=\u00bbon\u00bb admin_label=\u00bbsection\u00bb _builder_version=\u00bb3.22&#8243; background_color=\u00bb#108bf5&#8243;][\/et_pb_section][et_pb_section fb_built=\u00bb1&#8243; _builder_version=\u00bb4.0.10&#8243;][et_pb_row _builder_version=\u00bb4.0.10&#8243;][et_pb_column _builder_version=\u00bb4.0.10&#8243; type=\u00bb4_4&#8243;][\/et_pb_column][\/et_pb_row][\/et_pb_section]<\/p>\n","protected":false},"excerpt":{"rendered":"<p>[et_pb_section fb_built=\u00bb1&#8243; fullwidth=\u00bbon\u00bb admin_label=\u00bbsection\u00bb _builder_version=\u00bb3.22&#8243;][et_pb_fullwidth_slider show_arrows=\u00bboff\u00bb admin_label=\u00bbFullwidth Slider\u00bb _builder_version=\u00bb3.16&#8243; parallax=\u00bbon\u00bb custom_padding=\u00bb|||\u00bb custom_padding_tablet=\u00bb|||\u00bb custom_padding_phone=\u00bb|||\u00bb auto=\u00bbon\u00bb box_shadow_style=\u00bbpreset6&#8243; box_shadow_blur=\u00bb10px\u00bb box_shadow_color=\u00bbrgba(0,0,0,0.1)\u00bb remove_inner_shadow=\u00bboff\u00bb hide_content_on_mobile=\u00bboff\u00bb hide_cta_on_mobile=\u00bboff\u00bb show_inner_shadow=\u00bbon\u00bb button_letter_spacing_hover=\u00bb0&#8243; button_text_size__hover_enabled=\u00bboff\u00bb button_one_text_size__hover_enabled=\u00bboff\u00bb button_two_text_size__hover_enabled=\u00bboff\u00bb button_text_color__hover_enabled=\u00bboff\u00bb button_one_text_color__hover_enabled=\u00bboff\u00bb button_two_text_color__hover_enabled=\u00bboff\u00bb button_border_width__hover_enabled=\u00bboff\u00bb button_one_border_width__hover_enabled=\u00bboff\u00bb button_two_border_width__hover_enabled=\u00bboff\u00bb button_border_color__hover_enabled=\u00bboff\u00bb button_one_border_color__hover_enabled=\u00bboff\u00bb button_two_border_color__hover_enabled=\u00bboff\u00bb button_border_radius__hover_enabled=\u00bboff\u00bb button_one_border_radius__hover_enabled=\u00bboff\u00bb button_two_border_radius__hover_enabled=\u00bboff\u00bb button_letter_spacing__hover_enabled=\u00bbon\u00bb button_letter_spacing__hover=\u00bb0&#8243; button_one_letter_spacing__hover_enabled=\u00bboff\u00bb button_two_letter_spacing__hover_enabled=\u00bboff\u00bb button_bg_color__hover_enabled=\u00bboff\u00bb button_one_bg_color__hover_enabled=\u00bboff\u00bb button_two_bg_color__hover_enabled=\u00bboff\u00bb][et_pb_slide heading=\u00bbNoah Fari\u00f1a Glez\u00bb use_bg_overlay=\u00bboff\u00bb use_text_overlay=\u00bboff\u00bb _builder_version=\u00bb3.16&#8243; header_font=\u00bb||||\u00bb header_text_color=\u00bb#009ee0&#8243; body_font=\u00bb||||\u00bb background_color=\u00bb#ffffff\u00bb background_image=\u00bbhttps:\/\/sitcanarias.es\/wp-content\/uploads\/2017\/03\/usar-psicologia-diseno-web-1.jpg\u00bb [&hellip;]<\/p>\n","protected":false},"author":1,"featured_media":0,"parent":0,"menu_order":0,"comment_status":"closed","ping_status":"closed","template":"","meta":{"_et_pb_use_builder":"on","_et_pb_old_content":"","_et_gb_content_width":"","footnotes":""},"class_list":["post-78","page","type-page","status-publish","hentry"],"aioseo_notices":[],"_links":{"self":[{"href":"https:\/\/sitcanarias.es\/index.php?rest_route=\/wp\/v2\/pages\/78","targetHints":{"allow":["GET"]}}],"collection":[{"href":"https:\/\/sitcanarias.es\/index.php?rest_route=\/wp\/v2\/pages"}],"about":[{"href":"https:\/\/sitcanarias.es\/index.php?rest_route=\/wp\/v2\/types\/page"}],"author":[{"embeddable":true,"href":"https:\/\/sitcanarias.es\/index.php?rest_route=\/wp\/v2\/users\/1"}],"replies":[{"embeddable":true,"href":"https:\/\/sitcanarias.es\/index.php?rest_route=%2Fwp%2Fv2%2Fcomments&post=78"}],"version-history":[{"count":19,"href":"https:\/\/sitcanarias.es\/index.php?rest_route=\/wp\/v2\/pages\/78\/revisions"}],"predecessor-version":[{"id":283,"href":"https:\/\/sitcanarias.es\/index.php?rest_route=\/wp\/v2\/pages\/78\/revisions\/283"}],"wp:attachment":[{"href":"https:\/\/sitcanarias.es\/index.php?rest_route=%2Fwp%2Fv2%2Fmedia&parent=78"}],"curies":[{"name":"wp","href":"https:\/\/api.w.org\/{rel}","templated":true}]}}